{"id":1739,"date":"2025-01-26T13:39:33","date_gmt":"2025-01-26T13:39:33","guid":{"rendered":"https:\/\/wp1.anna.dteam.pl\/?post_type=product&#038;p=1739"},"modified":"2025-01-26T13:48:14","modified_gmt":"2025-01-26T13:48:14","slug":"test-2","status":"publish","type":"product","link":"https:\/\/wp1.anna.dteam.pl\/index.php\/produkt\/test-2\/","title":{"rendered":"TEST 2"},"content":{"rendered":"<h4><strong>Row Layout (Uk\u0142ad wiersza)<\/strong><\/h4>\n<ul>\n<li>Tw\u00f3rz elastyczne uk\u0142ady z wieloma kolumnami.<\/li>\n<li>Mo\u017cesz w ka\u017cdej kolumnie umie\u015bci\u0107 obraz, opis, przycisk &#8222;Kup teraz&#8221; lub link do produktu.<\/li>\n<\/ul>\n<h4><strong>b. Advanced Gallery (Zaawansowana galeria)<\/strong><\/h4>\n<ul>\n<li>Dodaj atrakcyjne galerie zdj\u0119\u0107 produkt\u00f3w.<\/li>\n<li>Obs\u0142uguje r\u00f3\u017cne style wy\u015bwietlania: siatka, karuzela, czy kafelki.<\/li>\n<\/ul>\n<h4><strong>c. Info Box (Pole informacyjne)<\/strong><\/h4>\n<ul>\n<li>Wy\u015bwietl informacje o produkcie, takie jak nazwa, cena czy kr\u00f3tki opis.<\/li>\n<li>Zawiera ikon\u0119, nag\u0142\u00f3wek i opis \u2013 idealne do szybkiego przyci\u0105gania uwagi.<\/li>\n<\/ul>\n","protected":false},"excerpt":{"rendered":"<p>Kadence Blocks oferuje kilka przydatnych blok\u00f3w do prezentacji produkt\u00f3w:<\/p>\n","protected":false},"featured_media":1654,"comment_status":"open","ping_status":"closed","template":"","meta":{"_eb_attr":"","_uag_custom_page_level_css":"","wprm-recipe-roundup-name":"","wprm-recipe-roundup-description":"","postBodyMargin":[],"postBodyPadding":[],"postBodyBackground":{"backgroundType":"classic","gradient":""}},"product_brand":[],"product_cat":[20,26,25],"product_tag":[],"class_list":{"0":"post-1739","1":"product","2":"type-product","3":"status-publish","4":"has-post-thumbnail","6":"product_cat-menu","7":"product_cat-koktajle","8":"product_cat-produkty","10":"first","11":"instock","12":"shipping-taxable","13":"purchasable","14":"product-type-simple"},"yoast_head":"<!-- This site is optimized with the Yoast SEO plugin v24.3 - https:\/\/yoast.com\/wordpress\/plugins\/seo\/ -->\n<title>TEST 2 - Lifst Comaany<\/title>\n<meta name=\"robots\" content=\"index, follow, max-snippet:-1, max-image-preview:large, max-video-preview:-1\" \/>\n<link rel=\"canonical\" href=\"https:\/\/wp1.anna.dteam.pl\/index.php\/produkt\/test-2\/\" \/>\n<meta property=\"og:locale\" content=\"pl_PL\" \/>\n<meta property=\"og:type\" content=\"article\" \/>\n<meta property=\"og:title\" content=\"TEST 2 - Lifst Comaany\" \/>\n<meta property=\"og:description\" content=\"Kadence Blocks oferuje kilka przydatnych blok\u00f3w do prezentacji produkt\u00f3w:\" \/>\n<meta property=\"og:url\" content=\"https:\/\/wp1.anna.dteam.pl\/index.php\/produkt\/test-2\/\" \/>\n<meta property=\"og:site_name\" content=\"Lifst Comaany\" \/>\n<meta property=\"article:modified_time\" content=\"2025-01-26T13:48:14+00:00\" \/>\n<meta property=\"og:image\" content=\"https:\/\/wp1.anna.dteam.pl\/wp-content\/uploads\/2025\/01\/Waniliowy-Protein-Drink-Mix-w-proszku.webp\" \/>\n\t<meta property=\"og:image:width\" content=\"875\" \/>\n\t<meta property=\"og:image:height\" content=\"783\" \/>\n\t<meta property=\"og:image:type\" content=\"image\/webp\" \/>\n<meta name=\"twitter:card\" content=\"summary_large_image\" \/>\n<meta name=\"twitter:label1\" content=\"Szacowany czas czytania\" \/>\n\t<meta name=\"twitter:data1\" content=\"1 minuta\" \/>\n<script type=\"application\/ld+json\" class=\"yoast-schema-graph\">{\"@context\":\"https:\/\/schema.org\",\"@graph\":[{\"@type\":\"WebPage\",\"@id\":\"https:\/\/wp1.anna.dteam.pl\/index.php\/produkt\/test-2\/\",\"url\":\"https:\/\/wp1.anna.dteam.pl\/index.php\/produkt\/test-2\/\",\"name\":\"TEST 2 - Lifst Comaany\",\"isPartOf\":{\"@id\":\"https:\/\/wp1.anna.dteam.pl\/#website\"},\"primaryImageOfPage\":{\"@id\":\"https:\/\/wp1.anna.dteam.pl\/index.php\/produkt\/test-2\/#primaryimage\"},\"image\":{\"@id\":\"https:\/\/wp1.anna.dteam.pl\/index.php\/produkt\/test-2\/#primaryimage\"},\"thumbnailUrl\":\"https:\/\/wp1.anna.dteam.pl\/wp-content\/uploads\/2025\/01\/Waniliowy-Protein-Drink-Mix-w-proszku.webp\",\"datePublished\":\"2025-01-26T13:39:33+00:00\",\"dateModified\":\"2025-01-26T13:48:14+00:00\",\"breadcrumb\":{\"@id\":\"https:\/\/wp1.anna.dteam.pl\/index.php\/produkt\/test-2\/#breadcrumb\"},\"inLanguage\":\"pl-PL\",\"potentialAction\":[{\"@type\":\"ReadAction\",\"target\":[\"https:\/\/wp1.anna.dteam.pl\/index.php\/produkt\/test-2\/\"]}]},{\"@type\":\"ImageObject\",\"inLanguage\":\"pl-PL\",\"@id\":\"https:\/\/wp1.anna.dteam.pl\/index.php\/produkt\/test-2\/#primaryimage\",\"url\":\"https:\/\/wp1.anna.dteam.pl\/wp-content\/uploads\/2025\/01\/Waniliowy-Protein-Drink-Mix-w-proszku.webp\",\"contentUrl\":\"https:\/\/wp1.anna.dteam.pl\/wp-content\/uploads\/2025\/01\/Waniliowy-Protein-Drink-Mix-w-proszku.webp\",\"width\":875,\"height\":783},{\"@type\":\"BreadcrumbList\",\"@id\":\"https:\/\/wp1.anna.dteam.pl\/index.php\/produkt\/test-2\/#breadcrumb\",\"itemListElement\":[{\"@type\":\"ListItem\",\"position\":1,\"name\":\"Strona g\u0142\u00f3wna\",\"item\":\"https:\/\/wp1.anna.dteam.pl\/\"},{\"@type\":\"ListItem\",\"position\":2,\"name\":\"Wszystkie produkty\",\"item\":\"https:\/\/wp1.anna.dteam.pl\/?page_id=1177\"},{\"@type\":\"ListItem\",\"position\":3,\"name\":\"TEST 2\"}]},{\"@type\":\"WebSite\",\"@id\":\"https:\/\/wp1.anna.dteam.pl\/#website\",\"url\":\"https:\/\/wp1.anna.dteam.pl\/\",\"name\":\"Lifst Comaany\",\"description\":\"Twoja mapa do zdrowia \u2013 zarz\u0105dzaj diet\u0105 z g\u0142ow\u0105\",\"publisher\":{\"@id\":\"https:\/\/wp1.anna.dteam.pl\/#organization\"},\"potentialAction\":[{\"@type\":\"SearchAction\",\"target\":{\"@type\":\"EntryPoint\",\"urlTemplate\":\"https:\/\/wp1.anna.dteam.pl\/?s={search_term_string}\"},\"query-input\":{\"@type\":\"PropertyValueSpecification\",\"valueRequired\":true,\"valueName\":\"search_term_string\"}}],\"inLanguage\":\"pl-PL\"},{\"@type\":\"Organization\",\"@id\":\"https:\/\/wp1.anna.dteam.pl\/#organization\",\"name\":\"Lifst Comaany\",\"url\":\"https:\/\/wp1.anna.dteam.pl\/\",\"logo\":{\"@type\":\"ImageObject\",\"inLanguage\":\"pl-PL\",\"@id\":\"https:\/\/wp1.anna.dteam.pl\/#\/schema\/logo\/image\/\",\"url\":\"https:\/\/wp1.anna.dteam.pl\/wp-content\/uploads\/2025\/01\/Bez-nazwy-1920-x-1080-px-500-x-500-px-488-x-355-px-2.png\",\"contentUrl\":\"https:\/\/wp1.anna.dteam.pl\/wp-content\/uploads\/2025\/01\/Bez-nazwy-1920-x-1080-px-500-x-500-px-488-x-355-px-2.png\",\"width\":488,\"height\":355,\"caption\":\"Lifst Comaany\"},\"image\":{\"@id\":\"https:\/\/wp1.anna.dteam.pl\/#\/schema\/logo\/image\/\"}}]}<\/script>\n<!-- \/ Yoast SEO plugin. -->","yoast_head_json":{"title":"TEST 2 - Lifst Comaany","robots":{"index":"index","follow":"follow","max-snippet":"max-snippet:-1","max-image-preview":"max-image-preview:large","max-video-preview":"max-video-preview:-1"},"canonical":"https:\/\/wp1.anna.dteam.pl\/index.php\/produkt\/test-2\/","og_locale":"pl_PL","og_type":"article","og_title":"TEST 2 - Lifst Comaany","og_description":"Kadence Blocks oferuje kilka przydatnych blok\u00f3w do prezentacji produkt\u00f3w:","og_url":"https:\/\/wp1.anna.dteam.pl\/index.php\/produkt\/test-2\/","og_site_name":"Lifst Comaany","article_modified_time":"2025-01-26T13:48:14+00:00","og_image":[{"width":875,"height":783,"url":"https:\/\/wp1.anna.dteam.pl\/wp-content\/uploads\/2025\/01\/Waniliowy-Protein-Drink-Mix-w-proszku.webp","type":"image\/webp"}],"twitter_card":"summary_large_image","twitter_misc":{"Szacowany czas czytania":"1 minuta"},"schema":{"@context":"https:\/\/schema.org","@graph":[{"@type":"WebPage","@id":"https:\/\/wp1.anna.dteam.pl\/index.php\/produkt\/test-2\/","url":"https:\/\/wp1.anna.dteam.pl\/index.php\/produkt\/test-2\/","name":"TEST 2 - Lifst Comaany","isPartOf":{"@id":"https:\/\/wp1.anna.dteam.pl\/#website"},"primaryImageOfPage":{"@id":"https:\/\/wp1.anna.dteam.pl\/index.php\/produkt\/test-2\/#primaryimage"},"image":{"@id":"https:\/\/wp1.anna.dteam.pl\/index.php\/produkt\/test-2\/#primaryimage"},"thumbnailUrl":"https:\/\/wp1.anna.dteam.pl\/wp-content\/uploads\/2025\/01\/Waniliowy-Protein-Drink-Mix-w-proszku.webp","datePublished":"2025-01-26T13:39:33+00:00","dateModified":"2025-01-26T13:48:14+00:00","breadcrumb":{"@id":"https:\/\/wp1.anna.dteam.pl\/index.php\/produkt\/test-2\/#breadcrumb"},"inLanguage":"pl-PL","potentialAction":[{"@type":"ReadAction","target":["https:\/\/wp1.anna.dteam.pl\/index.php\/produkt\/test-2\/"]}]},{"@type":"ImageObject","inLanguage":"pl-PL","@id":"https:\/\/wp1.anna.dteam.pl\/index.php\/produkt\/test-2\/#primaryimage","url":"https:\/\/wp1.anna.dteam.pl\/wp-content\/uploads\/2025\/01\/Waniliowy-Protein-Drink-Mix-w-proszku.webp","contentUrl":"https:\/\/wp1.anna.dteam.pl\/wp-content\/uploads\/2025\/01\/Waniliowy-Protein-Drink-Mix-w-proszku.webp","width":875,"height":783},{"@type":"BreadcrumbList","@id":"https:\/\/wp1.anna.dteam.pl\/index.php\/produkt\/test-2\/#breadcrumb","itemListElement":[{"@type":"ListItem","position":1,"name":"Strona g\u0142\u00f3wna","item":"https:\/\/wp1.anna.dteam.pl\/"},{"@type":"ListItem","position":2,"name":"Wszystkie produkty","item":"https:\/\/wp1.anna.dteam.pl\/?page_id=1177"},{"@type":"ListItem","position":3,"name":"TEST 2"}]},{"@type":"WebSite","@id":"https:\/\/wp1.anna.dteam.pl\/#website","url":"https:\/\/wp1.anna.dteam.pl\/","name":"Lifst Comaany","description":"Twoja mapa do zdrowia \u2013 zarz\u0105dzaj diet\u0105 z g\u0142ow\u0105","publisher":{"@id":"https:\/\/wp1.anna.dteam.pl\/#organization"},"potentialAction":[{"@type":"SearchAction","target":{"@type":"EntryPoint","urlTemplate":"https:\/\/wp1.anna.dteam.pl\/?s={search_term_string}"},"query-input":{"@type":"PropertyValueSpecification","valueRequired":true,"valueName":"search_term_string"}}],"inLanguage":"pl-PL"},{"@type":"Organization","@id":"https:\/\/wp1.anna.dteam.pl\/#organization","name":"Lifst Comaany","url":"https:\/\/wp1.anna.dteam.pl\/","logo":{"@type":"ImageObject","inLanguage":"pl-PL","@id":"https:\/\/wp1.anna.dteam.pl\/#\/schema\/logo\/image\/","url":"https:\/\/wp1.anna.dteam.pl\/wp-content\/uploads\/2025\/01\/Bez-nazwy-1920-x-1080-px-500-x-500-px-488-x-355-px-2.png","contentUrl":"https:\/\/wp1.anna.dteam.pl\/wp-content\/uploads\/2025\/01\/Bez-nazwy-1920-x-1080-px-500-x-500-px-488-x-355-px-2.png","width":488,"height":355,"caption":"Lifst Comaany"},"image":{"@id":"https:\/\/wp1.anna.dteam.pl\/#\/schema\/logo\/image\/"}}]}},"jetpack_sharing_enabled":true,"uagb_featured_image_src":{"full":["https:\/\/wp1.anna.dteam.pl\/wp-content\/uploads\/2025\/01\/Waniliowy-Protein-Drink-Mix-w-proszku.webp",875,783,false],"thumbnail":["https:\/\/wp1.anna.dteam.pl\/wp-content\/uploads\/2025\/01\/Waniliowy-Protein-Drink-Mix-w-proszku-150x150.webp",150,150,true],"medium":["https:\/\/wp1.anna.dteam.pl\/wp-content\/uploads\/2025\/01\/Waniliowy-Protein-Drink-Mix-w-proszku-300x268.webp",300,268,true],"medium_large":["https:\/\/wp1.anna.dteam.pl\/wp-content\/uploads\/2025\/01\/Waniliowy-Protein-Drink-Mix-w-proszku-768x687.webp",768,687,true],"large":["https:\/\/wp1.anna.dteam.pl\/wp-content\/uploads\/2025\/01\/Waniliowy-Protein-Drink-Mix-w-proszku.webp",875,783,false],"1536x1536":["https:\/\/wp1.anna.dteam.pl\/wp-content\/uploads\/2025\/01\/Waniliowy-Protein-Drink-Mix-w-proszku.webp",875,783,false],"2048x2048":["https:\/\/wp1.anna.dteam.pl\/wp-content\/uploads\/2025\/01\/Waniliowy-Protein-Drink-Mix-w-proszku.webp",875,783,false],"wprm-metadata-1_1":["https:\/\/wp1.anna.dteam.pl\/wp-content\/uploads\/2025\/01\/Waniliowy-Protein-Drink-Mix-w-proszku-500x500.webp",500,500,true],"wprm-metadata-4_3":["https:\/\/wp1.anna.dteam.pl\/wp-content\/uploads\/2025\/01\/Waniliowy-Protein-Drink-Mix-w-proszku-500x375.webp",500,375,true],"wprm-metadata-16_9":["https:\/\/wp1.anna.dteam.pl\/wp-content\/uploads\/2025\/01\/Waniliowy-Protein-Drink-Mix-w-proszku-480x270.webp",480,270,true],"mailpoet_newsletter_max":["https:\/\/wp1.anna.dteam.pl\/wp-content\/uploads\/2025\/01\/Waniliowy-Protein-Drink-Mix-w-proszku.webp",875,783,false],"woocommerce_thumbnail":["https:\/\/wp1.anna.dteam.pl\/wp-content\/uploads\/2025\/01\/Waniliowy-Protein-Drink-Mix-w-proszku-300x300.webp",300,300,true],"woocommerce_single":["https:\/\/wp1.anna.dteam.pl\/wp-content\/uploads\/2025\/01\/Waniliowy-Protein-Drink-Mix-w-proszku-600x537.webp",600,537,true],"woocommerce_gallery_thumbnail":["https:\/\/wp1.anna.dteam.pl\/wp-content\/uploads\/2025\/01\/Waniliowy-Protein-Drink-Mix-w-proszku-100x100.webp",100,100,true],"variation_swatches_image_size":["https:\/\/wp1.anna.dteam.pl\/wp-content\/uploads\/2025\/01\/Waniliowy-Protein-Drink-Mix-w-proszku-50x50.webp",50,50,true],"variation_swatches_tooltip_size":["https:\/\/wp1.anna.dteam.pl\/wp-content\/uploads\/2025\/01\/Waniliowy-Protein-Drink-Mix-w-proszku-100x100.webp",100,100,true]},"uagb_author_info":{"display_name":"Anna Zissi","author_link":"https:\/\/wp1.anna.dteam.pl\/index.php\/author\/"},"uagb_comment_info":0,"uagb_excerpt":"Kadence Blocks oferuje kilka przydatnych blok\u00f3w do prezentacji produkt\u00f3w:","_links":{"self":[{"href":"https:\/\/wp1.anna.dteam.pl\/index.php\/wp-json\/wp\/v2\/product\/1739","targetHints":{"allow":["GET"]}}],"collection":[{"href":"https:\/\/wp1.anna.dteam.pl\/index.php\/wp-json\/wp\/v2\/product"}],"about":[{"href":"https:\/\/wp1.anna.dteam.pl\/index.php\/wp-json\/wp\/v2\/types\/product"}],"replies":[{"embeddable":true,"href":"https:\/\/wp1.anna.dteam.pl\/index.php\/wp-json\/wp\/v2\/comments?post=1739"}],"wp:featuredmedia":[{"embeddable":true,"href":"https:\/\/wp1.anna.dteam.pl\/index.php\/wp-json\/wp\/v2\/media\/1654"}],"wp:attachment":[{"href":"https:\/\/wp1.anna.dteam.pl\/index.php\/wp-json\/wp\/v2\/media?parent=1739"}],"wp:term":[{"taxonomy":"product_brand","embeddable":true,"href":"https:\/\/wp1.anna.dteam.pl\/index.php\/wp-json\/wp\/v2\/product_brand?post=1739"},{"taxonomy":"product_cat","embeddable":true,"href":"https:\/\/wp1.anna.dteam.pl\/index.php\/wp-json\/wp\/v2\/product_cat?post=1739"},{"taxonomy":"product_tag","embeddable":true,"href":"https:\/\/wp1.anna.dteam.pl\/index.php\/wp-json\/wp\/v2\/product_tag?post=1739"}],"curies":[{"name":"wp","href":"https:\/\/api.w.org\/{rel}","templated":true}]}}